{"id":550,"date":"2026-04-20T08:28:03","date_gmt":"2026-04-20T08:28:03","guid":{"rendered":"https:\/\/hienthao.azdigi.shop\/?post_type=product&#038;p=550"},"modified":"2026-04-20T08:28:04","modified_gmt":"2026-04-20T08:28:04","slug":"set-ao-babydoll-va-chan-vay-striped-ruffled-puff-sleeve-set","status":"publish","type":"product","link":"https:\/\/hienthao.azdigi.shop\/index.php\/product\/set-ao-babydoll-va-chan-vay-striped-ruffled-puff-sleeve-set\/","title":{"rendered":"Set \u00e1o babydoll v\u00e0 ch\u00e2n v\u00e1y Striped Ruffled Puff Sleeve Set"},"content":{"rendered":"<p><strong>TH\u00d4NG TIN S\u1ea2N PH\u1ea8M<\/strong><\/p>\n<p>&#8211; Ch\u1ea5t li\u1ec7u: Cotton<\/p>\n<p>&#8211; \u00c1o 1 l\u1edbp, ch\u00e2n v\u00e1y c\u00f3 l\u00f3t qu\u1ea7n b\u00ean trong<\/p>\n<p>&#8211; M\u00f4 t\u1ea3 ch\u1ea5t li\u1ec7u: Tho\u00e1ng m\u00e1t, d\u00e0y v\u1eeba ph\u1ea3i, d\u1ec5 gi\u1eb7t \u1ee7i<\/p>\n<p>&#8211; \u0110\u1eb7c \u0111i\u1ec3m: kh\u00f4ng m\u00fat ng\u1ef1c<\/p>\n<p>&#8211; H\u1ecda ti\u1ebft: Ch\u1ea5m n\u01a1<\/p>\n<p><strong>TH\u00d4NG S\u1ed0 S\u1ea2N PH\u1ea8M (\u0110VT: CM)<\/strong><\/p>\n<p>&#8211; S\u1ed1 \u0110o Ng\u1ef1c: 90(S) &#8211; 94(M)<\/p>\n<p>&#8211; S\u1ed1 \u0110o Eo: 60(S) &#8211; 64(M), c\u00f3 chun co gi\u00e3n t\u1ed1i \u0111a 100<\/p>\n<p>&#8211; \u0110\u1ed9 D\u00e0i: \u00c1o 45cm, Qu\u1ea7n 35cm<\/p>\n","protected":false},"excerpt":{"rendered":"<p><a href=\"https:\/\/hienthao.azdigi.shop\/index.php\/huong-dan-lua-size\/\">H\u01af\u1edaNG D\u1eaaN L\u1ef0A SIZE<\/a><\/p>\n","protected":false},"featured_media":554,"comment_status":"open","ping_status":"closed","template":"","meta":[],"product_brand":[],"product_cat":[33],"product_tag":[],"class_list":{"0":"post-550","1":"product","2":"type-product","3":"status-publish","4":"has-post-thumbnail","6":"product_cat-olv-sweeties","8":"first","9":"instock","10":"shipping-taxable","11":"purchasable","12":"product-type-variable"},"yoast_head":"<!-- This site is optimized with the Yoast SEO plugin v27.4 - https:\/\/yoast.com\/product\/yoast-seo-wordpress\/ -->\n<title>Set \u00e1o babydoll v\u00e0 ch\u00e2n v\u00e1y Striped Ruffled Puff Sleeve Set - OLV.VN<\/title>\n<meta name=\"description\" content=\"Th\u01b0\u01a1ng hi\u1ec7u th\u1eddi trang n\u1eef cao c\u1ea5p, mang \u0111\u1ebfn phong c\u00e1ch thanh l\u1ecbch v\u00e0 tr\u1ebb trung cho ph\u1ee5 n\u1eef hi\u1ec7n \u0111\u1ea1i. C\u00e1c thi\u1ebft k\u1ebf \u0111\u01b0\u1ee3c ch\u0103m ch\u00fat t\u1ec9 m\u1ec9 t\u1eeb ch\u1ea5t li\u1ec7u \u0111\u1ebfn ki\u1ec3u d\u00e1ng, gi\u00fap t\u00f4n l\u00ean v\u1ebb \u0111\u1eb9p t\u1ef1 tin, tinh t\u1ebf v\u00e0 \u0111\u1ea7y cu\u1ed1n h\u00fat trong m\u1ecdi kho\u1ea3nh kh\u1eafc.\" \/>\n<meta name=\"robots\" content=\"index, follow, max-snippet:-1, max-image-preview:large, max-video-preview:-1\" \/>\n<link rel=\"canonical\" href=\"https:\/\/hienthao.azdigi.shop\/index.php\/product\/set-ao-babydoll-va-chan-vay-striped-ruffled-puff-sleeve-set\/\" \/>\n<meta property=\"og:locale\" content=\"vi_VN\" \/>\n<meta property=\"og:type\" content=\"article\" \/>\n<meta property=\"og:title\" content=\"Set \u00e1o babydoll v\u00e0 ch\u00e2n v\u00e1y Striped Ruffled Puff Sleeve Set - OLV.VN\" \/>\n<meta property=\"og:description\" content=\"Th\u01b0\u01a1ng hi\u1ec7u th\u1eddi trang n\u1eef cao c\u1ea5p, mang \u0111\u1ebfn phong c\u00e1ch thanh l\u1ecbch v\u00e0 tr\u1ebb trung cho ph\u1ee5 n\u1eef hi\u1ec7n \u0111\u1ea1i. C\u00e1c thi\u1ebft k\u1ebf \u0111\u01b0\u1ee3c ch\u0103m ch\u00fat t\u1ec9 m\u1ec9 t\u1eeb ch\u1ea5t li\u1ec7u \u0111\u1ebfn ki\u1ec3u d\u00e1ng, gi\u00fap t\u00f4n l\u00ean v\u1ebb \u0111\u1eb9p t\u1ef1 tin, tinh t\u1ebf v\u00e0 \u0111\u1ea7y cu\u1ed1n h\u00fat trong m\u1ecdi kho\u1ea3nh kh\u1eafc.\" \/>\n<meta property=\"og:url\" content=\"https:\/\/hienthao.azdigi.shop\/index.php\/product\/set-ao-babydoll-va-chan-vay-striped-ruffled-puff-sleeve-set\/\" \/>\n<meta property=\"og:site_name\" content=\"OLV.VN\" \/>\n<meta property=\"article:modified_time\" content=\"2026-04-20T08:28:04+00:00\" \/>\n<meta property=\"og:image\" content=\"https:\/\/hienthao.azdigi.shop\/wp-content\/uploads\/2026\/04\/d_89010_f7906809e0a44eb8b77b785f0087ac5b_master.jpg\" \/>\n\t<meta property=\"og:image:width\" content=\"1365\" \/>\n\t<meta property=\"og:image:height\" content=\"2048\" \/>\n\t<meta property=\"og:image:type\" content=\"image\/jpeg\" \/>\n<meta name=\"twitter:card\" content=\"summary_large_image\" \/>\n<meta name=\"twitter:label1\" content=\"\u01af\u1edbc t\u00ednh th\u1eddi gian \u0111\u1ecdc\" \/>\n\t<meta name=\"twitter:data1\" content=\"1 ph\u00fat\" \/>\n<script type=\"application\/ld+json\" class=\"yoast-schema-graph\">{\"@context\":\"https:\\\/\\\/schema.org\",\"@graph\":[{\"@type\":\"WebPage\",\"@id\":\"https:\\\/\\\/hienthao.azdigi.shop\\\/index.php\\\/product\\\/set-ao-babydoll-va-chan-vay-striped-ruffled-puff-sleeve-set\\\/\",\"url\":\"https:\\\/\\\/hienthao.azdigi.shop\\\/index.php\\\/product\\\/set-ao-babydoll-va-chan-vay-striped-ruffled-puff-sleeve-set\\\/\",\"name\":\"Set \u00e1o babydoll v\u00e0 ch\u00e2n v\u00e1y Striped Ruffled Puff Sleeve Set - OLV.VN\",\"isPartOf\":{\"@id\":\"https:\\\/\\\/hienthao.azdigi.shop\\\/#website\"},\"primaryImageOfPage\":{\"@id\":\"https:\\\/\\\/hienthao.azdigi.shop\\\/index.php\\\/product\\\/set-ao-babydoll-va-chan-vay-striped-ruffled-puff-sleeve-set\\\/#primaryimage\"},\"image\":{\"@id\":\"https:\\\/\\\/hienthao.azdigi.shop\\\/index.php\\\/product\\\/set-ao-babydoll-va-chan-vay-striped-ruffled-puff-sleeve-set\\\/#primaryimage\"},\"thumbnailUrl\":\"https:\\\/\\\/hienthao.azdigi.shop\\\/wp-content\\\/uploads\\\/2026\\\/04\\\/d_89010_f7906809e0a44eb8b77b785f0087ac5b_master.jpg\",\"datePublished\":\"2026-04-20T08:28:03+00:00\",\"dateModified\":\"2026-04-20T08:28:04+00:00\",\"description\":\"Th\u01b0\u01a1ng hi\u1ec7u th\u1eddi trang n\u1eef cao c\u1ea5p, mang \u0111\u1ebfn phong c\u00e1ch thanh l\u1ecbch v\u00e0 tr\u1ebb trung cho ph\u1ee5 n\u1eef hi\u1ec7n \u0111\u1ea1i. C\u00e1c thi\u1ebft k\u1ebf \u0111\u01b0\u1ee3c ch\u0103m ch\u00fat t\u1ec9 m\u1ec9 t\u1eeb ch\u1ea5t li\u1ec7u \u0111\u1ebfn ki\u1ec3u d\u00e1ng, gi\u00fap t\u00f4n l\u00ean v\u1ebb \u0111\u1eb9p t\u1ef1 tin, tinh t\u1ebf v\u00e0 \u0111\u1ea7y cu\u1ed1n h\u00fat trong m\u1ecdi kho\u1ea3nh kh\u1eafc.\",\"breadcrumb\":{\"@id\":\"https:\\\/\\\/hienthao.azdigi.shop\\\/index.php\\\/product\\\/set-ao-babydoll-va-chan-vay-striped-ruffled-puff-sleeve-set\\\/#breadcrumb\"},\"inLanguage\":\"vi\",\"potentialAction\":[{\"@type\":\"ReadAction\",\"target\":[\"https:\\\/\\\/hienthao.azdigi.shop\\\/index.php\\\/product\\\/set-ao-babydoll-va-chan-vay-striped-ruffled-puff-sleeve-set\\\/\"]}]},{\"@type\":\"ImageObject\",\"inLanguage\":\"vi\",\"@id\":\"https:\\\/\\\/hienthao.azdigi.shop\\\/index.php\\\/product\\\/set-ao-babydoll-va-chan-vay-striped-ruffled-puff-sleeve-set\\\/#primaryimage\",\"url\":\"https:\\\/\\\/hienthao.azdigi.shop\\\/wp-content\\\/uploads\\\/2026\\\/04\\\/d_89010_f7906809e0a44eb8b77b785f0087ac5b_master.jpg\",\"contentUrl\":\"https:\\\/\\\/hienthao.azdigi.shop\\\/wp-content\\\/uploads\\\/2026\\\/04\\\/d_89010_f7906809e0a44eb8b77b785f0087ac5b_master.jpg\",\"width\":1365,\"height\":2048},{\"@type\":\"BreadcrumbList\",\"@id\":\"https:\\\/\\\/hienthao.azdigi.shop\\\/index.php\\\/product\\\/set-ao-babydoll-va-chan-vay-striped-ruffled-puff-sleeve-set\\\/#breadcrumb\",\"itemListElement\":[{\"@type\":\"ListItem\",\"position\":1,\"name\":\"Trang ch\u1ee7\",\"item\":\"https:\\\/\\\/hienthao.azdigi.shop\\\/\"},{\"@type\":\"ListItem\",\"position\":2,\"name\":\"Shop\",\"item\":\"https:\\\/\\\/hienthao.azdigi.shop\\\/index.php\\\/shop\\\/\"},{\"@type\":\"ListItem\",\"position\":3,\"name\":\"Set \u00e1o babydoll v\u00e0 ch\u00e2n v\u00e1y Striped Ruffled Puff Sleeve Set\"}]},{\"@type\":\"WebSite\",\"@id\":\"https:\\\/\\\/hienthao.azdigi.shop\\\/#website\",\"url\":\"https:\\\/\\\/hienthao.azdigi.shop\\\/\",\"name\":\"OLV.VN\",\"description\":\"Sweetie girls_Th\u01b0\u01a1ng hi\u1ec7u th\u1eddi trang n\u1eef cao c\u1ea5p, mang \u0111\u1ebfn phong c\u00e1ch thanh l\u1ecbch v\u00e0 tr\u1ebb trung cho ph\u1ee5 n\u1eef hi\u1ec7n \u0111\u1ea1i.\",\"potentialAction\":[{\"@type\":\"SearchAction\",\"target\":{\"@type\":\"EntryPoint\",\"urlTemplate\":\"https:\\\/\\\/hienthao.azdigi.shop\\\/?s={search_term_string}\"},\"query-input\":{\"@type\":\"PropertyValueSpecification\",\"valueRequired\":true,\"valueName\":\"search_term_string\"}}],\"inLanguage\":\"vi\"}]}<\/script>\n<!-- \/ Yoast SEO plugin. -->","yoast_head_json":{"title":"Set \u00e1o babydoll v\u00e0 ch\u00e2n v\u00e1y Striped Ruffled Puff Sleeve Set - OLV.VN","description":"Th\u01b0\u01a1ng hi\u1ec7u th\u1eddi trang n\u1eef cao c\u1ea5p, mang \u0111\u1ebfn phong c\u00e1ch thanh l\u1ecbch v\u00e0 tr\u1ebb trung cho ph\u1ee5 n\u1eef hi\u1ec7n \u0111\u1ea1i. C\u00e1c thi\u1ebft k\u1ebf \u0111\u01b0\u1ee3c ch\u0103m ch\u00fat t\u1ec9 m\u1ec9 t\u1eeb ch\u1ea5t li\u1ec7u \u0111\u1ebfn ki\u1ec3u d\u00e1ng, gi\u00fap t\u00f4n l\u00ean v\u1ebb \u0111\u1eb9p t\u1ef1 tin, tinh t\u1ebf v\u00e0 \u0111\u1ea7y cu\u1ed1n h\u00fat trong m\u1ecdi kho\u1ea3nh kh\u1eafc.","robots":{"index":"index","follow":"follow","max-snippet":"max-snippet:-1","max-image-preview":"max-image-preview:large","max-video-preview":"max-video-preview:-1"},"canonical":"https:\/\/hienthao.azdigi.shop\/index.php\/product\/set-ao-babydoll-va-chan-vay-striped-ruffled-puff-sleeve-set\/","og_locale":"vi_VN","og_type":"article","og_title":"Set \u00e1o babydoll v\u00e0 ch\u00e2n v\u00e1y Striped Ruffled Puff Sleeve Set - OLV.VN","og_description":"Th\u01b0\u01a1ng hi\u1ec7u th\u1eddi trang n\u1eef cao c\u1ea5p, mang \u0111\u1ebfn phong c\u00e1ch thanh l\u1ecbch v\u00e0 tr\u1ebb trung cho ph\u1ee5 n\u1eef hi\u1ec7n \u0111\u1ea1i. C\u00e1c thi\u1ebft k\u1ebf \u0111\u01b0\u1ee3c ch\u0103m ch\u00fat t\u1ec9 m\u1ec9 t\u1eeb ch\u1ea5t li\u1ec7u \u0111\u1ebfn ki\u1ec3u d\u00e1ng, gi\u00fap t\u00f4n l\u00ean v\u1ebb \u0111\u1eb9p t\u1ef1 tin, tinh t\u1ebf v\u00e0 \u0111\u1ea7y cu\u1ed1n h\u00fat trong m\u1ecdi kho\u1ea3nh kh\u1eafc.","og_url":"https:\/\/hienthao.azdigi.shop\/index.php\/product\/set-ao-babydoll-va-chan-vay-striped-ruffled-puff-sleeve-set\/","og_site_name":"OLV.VN","article_modified_time":"2026-04-20T08:28:04+00:00","og_image":[{"width":1365,"height":2048,"url":"https:\/\/hienthao.azdigi.shop\/wp-content\/uploads\/2026\/04\/d_89010_f7906809e0a44eb8b77b785f0087ac5b_master.jpg","type":"image\/jpeg"}],"twitter_card":"summary_large_image","twitter_misc":{"\u01af\u1edbc t\u00ednh th\u1eddi gian \u0111\u1ecdc":"1 ph\u00fat"},"schema":{"@context":"https:\/\/schema.org","@graph":[{"@type":"WebPage","@id":"https:\/\/hienthao.azdigi.shop\/index.php\/product\/set-ao-babydoll-va-chan-vay-striped-ruffled-puff-sleeve-set\/","url":"https:\/\/hienthao.azdigi.shop\/index.php\/product\/set-ao-babydoll-va-chan-vay-striped-ruffled-puff-sleeve-set\/","name":"Set \u00e1o babydoll v\u00e0 ch\u00e2n v\u00e1y Striped Ruffled Puff Sleeve Set - OLV.VN","isPartOf":{"@id":"https:\/\/hienthao.azdigi.shop\/#website"},"primaryImageOfPage":{"@id":"https:\/\/hienthao.azdigi.shop\/index.php\/product\/set-ao-babydoll-va-chan-vay-striped-ruffled-puff-sleeve-set\/#primaryimage"},"image":{"@id":"https:\/\/hienthao.azdigi.shop\/index.php\/product\/set-ao-babydoll-va-chan-vay-striped-ruffled-puff-sleeve-set\/#primaryimage"},"thumbnailUrl":"https:\/\/hienthao.azdigi.shop\/wp-content\/uploads\/2026\/04\/d_89010_f7906809e0a44eb8b77b785f0087ac5b_master.jpg","datePublished":"2026-04-20T08:28:03+00:00","dateModified":"2026-04-20T08:28:04+00:00","description":"Th\u01b0\u01a1ng hi\u1ec7u th\u1eddi trang n\u1eef cao c\u1ea5p, mang \u0111\u1ebfn phong c\u00e1ch thanh l\u1ecbch v\u00e0 tr\u1ebb trung cho ph\u1ee5 n\u1eef hi\u1ec7n \u0111\u1ea1i. C\u00e1c thi\u1ebft k\u1ebf \u0111\u01b0\u1ee3c ch\u0103m ch\u00fat t\u1ec9 m\u1ec9 t\u1eeb ch\u1ea5t li\u1ec7u \u0111\u1ebfn ki\u1ec3u d\u00e1ng, gi\u00fap t\u00f4n l\u00ean v\u1ebb \u0111\u1eb9p t\u1ef1 tin, tinh t\u1ebf v\u00e0 \u0111\u1ea7y cu\u1ed1n h\u00fat trong m\u1ecdi kho\u1ea3nh kh\u1eafc.","breadcrumb":{"@id":"https:\/\/hienthao.azdigi.shop\/index.php\/product\/set-ao-babydoll-va-chan-vay-striped-ruffled-puff-sleeve-set\/#breadcrumb"},"inLanguage":"vi","potentialAction":[{"@type":"ReadAction","target":["https:\/\/hienthao.azdigi.shop\/index.php\/product\/set-ao-babydoll-va-chan-vay-striped-ruffled-puff-sleeve-set\/"]}]},{"@type":"ImageObject","inLanguage":"vi","@id":"https:\/\/hienthao.azdigi.shop\/index.php\/product\/set-ao-babydoll-va-chan-vay-striped-ruffled-puff-sleeve-set\/#primaryimage","url":"https:\/\/hienthao.azdigi.shop\/wp-content\/uploads\/2026\/04\/d_89010_f7906809e0a44eb8b77b785f0087ac5b_master.jpg","contentUrl":"https:\/\/hienthao.azdigi.shop\/wp-content\/uploads\/2026\/04\/d_89010_f7906809e0a44eb8b77b785f0087ac5b_master.jpg","width":1365,"height":2048},{"@type":"BreadcrumbList","@id":"https:\/\/hienthao.azdigi.shop\/index.php\/product\/set-ao-babydoll-va-chan-vay-striped-ruffled-puff-sleeve-set\/#breadcrumb","itemListElement":[{"@type":"ListItem","position":1,"name":"Trang ch\u1ee7","item":"https:\/\/hienthao.azdigi.shop\/"},{"@type":"ListItem","position":2,"name":"Shop","item":"https:\/\/hienthao.azdigi.shop\/index.php\/shop\/"},{"@type":"ListItem","position":3,"name":"Set \u00e1o babydoll v\u00e0 ch\u00e2n v\u00e1y Striped Ruffled Puff Sleeve Set"}]},{"@type":"WebSite","@id":"https:\/\/hienthao.azdigi.shop\/#website","url":"https:\/\/hienthao.azdigi.shop\/","name":"OLV.VN","description":"Sweetie girls_Th\u01b0\u01a1ng hi\u1ec7u th\u1eddi trang n\u1eef cao c\u1ea5p, mang \u0111\u1ebfn phong c\u00e1ch thanh l\u1ecbch v\u00e0 tr\u1ebb trung cho ph\u1ee5 n\u1eef hi\u1ec7n \u0111\u1ea1i.","potentialAction":[{"@type":"SearchAction","target":{"@type":"EntryPoint","urlTemplate":"https:\/\/hienthao.azdigi.shop\/?s={search_term_string}"},"query-input":{"@type":"PropertyValueSpecification","valueRequired":true,"valueName":"search_term_string"}}],"inLanguage":"vi"}]}},"_links":{"self":[{"href":"https:\/\/hienthao.azdigi.shop\/index.php\/wp-json\/wp\/v2\/product\/550","targetHints":{"allow":["GET"]}}],"collection":[{"href":"https:\/\/hienthao.azdigi.shop\/index.php\/wp-json\/wp\/v2\/product"}],"about":[{"href":"https:\/\/hienthao.azdigi.shop\/index.php\/wp-json\/wp\/v2\/types\/product"}],"replies":[{"embeddable":true,"href":"https:\/\/hienthao.azdigi.shop\/index.php\/wp-json\/wp\/v2\/comments?post=550"}],"wp:featuredmedia":[{"embeddable":true,"href":"https:\/\/hienthao.azdigi.shop\/index.php\/wp-json\/wp\/v2\/media\/554"}],"wp:attachment":[{"href":"https:\/\/hienthao.azdigi.shop\/index.php\/wp-json\/wp\/v2\/media?parent=550"}],"wp:term":[{"taxonomy":"product_brand","embeddable":true,"href":"https:\/\/hienthao.azdigi.shop\/index.php\/wp-json\/wp\/v2\/product_brand?post=550"},{"taxonomy":"product_cat","embeddable":true,"href":"https:\/\/hienthao.azdigi.shop\/index.php\/wp-json\/wp\/v2\/product_cat?post=550"},{"taxonomy":"product_tag","embeddable":true,"href":"https:\/\/hienthao.azdigi.shop\/index.php\/wp-json\/wp\/v2\/product_tag?post=550"}],"curies":[{"name":"wp","href":"https:\/\/api.w.org\/{rel}","templated":true}]}}