{"id":415,"date":"2026-04-19T12:14:41","date_gmt":"2026-04-19T12:14:41","guid":{"rendered":"http:\/\/hienthao.free.nf\/?page_id=415"},"modified":"2026-04-19T12:31:30","modified_gmt":"2026-04-19T12:31:30","slug":"lien-he","status":"publish","type":"page","link":"https:\/\/hienthao.azdigi.shop\/index.php\/lien-he\/","title":{"rendered":"LI\u00caN H\u1ec6"},"content":{"rendered":"<style id=\"wpforms-css-vars-412-block-8bf6ff22-92a1-421e-8f4f-0fbee0f41b05\">\n\t\t\t\t#wpforms-412.wpforms-block-8bf6ff22-92a1-421e-8f4f-0fbee0f41b05 {\n\t\t\t\t--wpforms-label-color: rgba(0, 0, 0, 0.85);\n--wpforms-label-sublabel-color: rgba(0, 0, 0, 0.55);\n--wpforms-field-border-style: dashed;\n--wpforms-field-background-color: #ffe5e5;\n--wpforms-field-border-color: rgba(0, 0, 0, 0.25);\n--wpforms-field-border-color-spare: rgba(0, 0, 0, 0.25);\n--wpforms-field-text-color: rgba(0, 0, 0, 0.7);\n--wpforms-button-background-color: #d17d7d;\n--wpforms-field-size-input-height: 43px;\n--wpforms-field-size-input-spacing: 15px;\n--wpforms-field-size-font-size: 16px;\n--wpforms-field-size-line-height: 19px;\n--wpforms-field-size-padding-h: 14px;\n--wpforms-field-size-checkbox-size: 16px;\n--wpforms-field-size-sublabel-spacing: 5px;\n--wpforms-field-size-icon-size: 1;\n--wpforms-label-size-font-size: 16px;\n--wpforms-label-size-line-height: 19px;\n--wpforms-label-size-sublabel-font-size: 14px;\n--wpforms-label-size-sublabel-line-height: 17px;\n--wpforms-button-size-font-size: 17px;\n--wpforms-button-size-height: 41px;\n--wpforms-button-size-padding-h: 15px;\n--wpforms-button-size-margin-top: 10px;\n\t\t\t}\n\t\t\t<\/style><div class=\"wpforms-container wpforms-container-full wpforms-block wpforms-block-8bf6ff22-92a1-421e-8f4f-0fbee0f41b05 wpforms-render-modern\" id=\"wpforms-412\"><form id=\"wpforms-form-412\" class=\"wpforms-validate wpforms-form wpforms-ajax-form\" data-formid=\"412\" method=\"post\" enctype=\"multipart\/form-data\" action=\"\/index.php\/wp-json\/wp\/v2\/pages\/415\" data-token=\"1d11f34ae5775538c6d71b40e1341f3e\" data-token-time=\"1777911349\"><noscript class=\"wpforms-error-noscript\">Vui l\u00f2ng b\u1eadt JavaScript trong tr\u00ecnh duy\u1ec7t c\u1ee7a b\u1ea1n \u0111\u1ec3 ho\u00e0n th\u00e0nh Form n\u00e0y.<\/noscript><div id=\"wpforms-error-noscript\" style=\"display: none;\">Vui l\u00f2ng b\u1eadt JavaScript trong tr\u00ecnh duy\u1ec7t c\u1ee7a b\u1ea1n \u0111\u1ec3 ho\u00e0n th\u00e0nh Form n\u00e0y.<\/div><div class=\"wpforms-field-container\"><div id=\"wpforms-412-field_2-container\" class=\"wpforms-field wpforms-field-name\" data-field-id=\"2\"><label class=\"wpforms-field-label\" for=\"wpforms-412-field_2\">H\u1ecd v\u00e0 t\u00ean <span class=\"wpforms-required-label\" aria-hidden=\"true\">*<\/span><\/label><input type=\"text\" id=\"wpforms-412-field_2\" class=\"wpforms-field-medium wpforms-field-required\" name=\"wpforms[fields][2]\" aria-errormessage=\"wpforms-412-field_2-error\" required><\/div>\t\t<div id=\"wpforms-412-field_1-container\"\n\t\t\tclass=\"wpforms-field wpforms-field-text\"\n\t\t\tdata-field-type=\"text\"\n\t\t\tdata-field-id=\"1\"\n\t\t\t>\n\t\t\t<label class=\"wpforms-field-label\" for=\"wpforms-412-field_1\" > nh\u1eafn Email<\/label>\n\t\t\t<input type=\"text\" id=\"wpforms-412-field_1\" class=\"wpforms-field-medium\" name=\"wpforms[fields][1]\" >\n\t\t<\/div>\n\t\t<div id=\"wpforms-412-field_6-container\" class=\"wpforms-field wpforms-field-number\" data-field-id=\"6\"><label class=\"wpforms-field-label\" for=\"wpforms-412-field_6\">S\u1ed1 \u0111i\u1ec7n tho\u1ea1i <span class=\"wpforms-required-label\" aria-hidden=\"true\">*<\/span><\/label><input type=\"number\" id=\"wpforms-412-field_6\" class=\"wpforms-field-medium wpforms-field-required\" name=\"wpforms[fields][6]\" step=\"any\" aria-errormessage=\"wpforms-412-field_6-error\" required><\/div><div id=\"wpforms-412-field_3-container\" class=\"wpforms-field wpforms-field-email\" data-field-id=\"3\"><label class=\"wpforms-field-label\" for=\"wpforms-412-field_3\">Email <span class=\"wpforms-required-label\" aria-hidden=\"true\">*<\/span><\/label><input type=\"email\" id=\"wpforms-412-field_3\" class=\"wpforms-field-medium wpforms-field-required\" name=\"wpforms[fields][3]\" spellcheck=\"false\" aria-errormessage=\"wpforms-412-field_3-error\" required><\/div><div id=\"wpforms-412-field_4-container\" class=\"wpforms-field wpforms-field-text\" data-field-id=\"4\"><label class=\"wpforms-field-label\" for=\"wpforms-412-field_4\">M\u00e3 s\u1ed1 Order  <span class=\"wpforms-required-label\" aria-hidden=\"true\">*<\/span><\/label><input type=\"text\" id=\"wpforms-412-field_4\" class=\"wpforms-field-medium wpforms-field-required\" name=\"wpforms[fields][4]\" aria-errormessage=\"wpforms-412-field_4-error\" required><\/div><div id=\"wpforms-412-field_5-container\" class=\"wpforms-field wpforms-field-text\" data-field-id=\"5\"><label class=\"wpforms-field-label\" for=\"wpforms-412-field_5\">L\u1eddi nh\u1eafn <\/label><input type=\"text\" id=\"wpforms-412-field_5\" class=\"wpforms-field-medium\" name=\"wpforms[fields][5]\" aria-errormessage=\"wpforms-412-field_5-error\" ><\/div><script>\n\t\t\t\t( function() {\n\t\t\t\t\tconst style = document.createElement( 'style' );\n\t\t\t\t\tstyle.appendChild( document.createTextNode( '#wpforms-412-field_1-container { position: absolute !important; overflow: hidden !important; display: inline !important; height: 1px !important; width: 1px !important; z-index: -1000 !important; padding: 0 !important; } #wpforms-412-field_1-container input { visibility: hidden; } #wpforms-conversational-form-page #wpforms-412-field_1-container label { counter-increment: none; }' ) );\n\t\t\t\t\tdocument.head.appendChild( style );\n\t\t\t\t\tdocument.currentScript?.remove();\n\t\t\t\t} )();\n\t\t\t<\/script><\/div><!-- .wpforms-field-container --><div class=\"wpforms-submit-container\" ><input type=\"hidden\" name=\"wpforms[id]\" value=\"412\"><input type=\"hidden\" name=\"page_title\" value=\"\"><input type=\"hidden\" name=\"page_url\" value=\"https:\/\/hienthao.azdigi.shop\/index.php\/wp-json\/wp\/v2\/pages\/415\"><input type=\"hidden\" name=\"url_referer\" value=\"\"><button type=\"submit\" name=\"wpforms[submit]\" id=\"wpforms-submit-412\" class=\"wpforms-submit\" data-alt-text=\"\u0110ang g\u1eedi...\" data-submit-text=\"G\u1eedi\" aria-live=\"assertive\" value=\"wpforms-submit\">G\u1eedi<\/button><img loading=\"lazy\" decoding=\"async\" src=\"https:\/\/hienthao.azdigi.shop\/wp-content\/plugins\/wpforms-lite\/assets\/images\/submit-spin.svg\" class=\"wpforms-submit-spinner\" style=\"display: none;\" width=\"26\" height=\"26\" alt=\"\u0110ang t\u1ea3i\"><\/div><\/form><\/div>  <!-- .wpforms-container -->","protected":false},"excerpt":{"rendered":"","protected":false},"author":1,"featured_media":0,"parent":0,"menu_order":0,"comment_status":"closed","ping_status":"closed","template":"","meta":{"footnotes":""},"class_list":["post-415","page","type-page","status-publish","hentry"],"yoast_head":"<!-- This site is optimized with the Yoast SEO plugin v27.4 - https:\/\/yoast.com\/product\/yoast-seo-wordpress\/ -->\n<title>LI\u00caN H\u1ec6 - OLV.VN<\/title>\n<meta name=\"description\" content=\"Th\u01b0\u01a1ng hi\u1ec7u th\u1eddi trang n\u1eef cao c\u1ea5p mang \u0111\u1ebfn nh\u1eefng thi\u1ebft k\u1ebf thanh l\u1ecbch, hi\u1ec7n \u0111\u1ea1i v\u00e0 tr\u1ebb trung d\u00e0nh cho ph\u1ee5 n\u1eef. S\u1ea3n ph\u1ea9m \u0111\u01b0\u1ee3c ch\u0103m ch\u00fat t\u1eeb ch\u1ea5t li\u1ec7u \u0111\u1ebfn \u0111\u01b0\u1eddng may, gi\u00fap t\u00f4n l\u00ean v\u1ebb \u0111\u1eb9p t\u1ef1 tin, tinh t\u1ebf v\u00e0 phong c\u00e1ch ri\u00eang c\u1ee7a ph\u00e1i \u0111\u1eb9p trong m\u1ecdi ho\u00e0n c\u1ea3nh.\" \/>\n<meta name=\"robots\" content=\"index, follow, max-snippet:-1, max-image-preview:large, max-video-preview:-1\" \/>\n<link rel=\"canonical\" href=\"https:\/\/hienthao.azdigi.shop\/index.php\/lien-he\/\" \/>\n<meta property=\"og:locale\" content=\"vi_VN\" \/>\n<meta property=\"og:type\" content=\"article\" \/>\n<meta property=\"og:title\" content=\"LI\u00caN H\u1ec6 - OLV.VN\" \/>\n<meta property=\"og:description\" content=\"Th\u01b0\u01a1ng hi\u1ec7u th\u1eddi trang n\u1eef cao c\u1ea5p mang \u0111\u1ebfn nh\u1eefng thi\u1ebft k\u1ebf thanh l\u1ecbch, hi\u1ec7n \u0111\u1ea1i v\u00e0 tr\u1ebb trung d\u00e0nh cho ph\u1ee5 n\u1eef. S\u1ea3n ph\u1ea9m \u0111\u01b0\u1ee3c ch\u0103m ch\u00fat t\u1eeb ch\u1ea5t li\u1ec7u \u0111\u1ebfn \u0111\u01b0\u1eddng may, gi\u00fap t\u00f4n l\u00ean v\u1ebb \u0111\u1eb9p t\u1ef1 tin, tinh t\u1ebf v\u00e0 phong c\u00e1ch ri\u00eang c\u1ee7a ph\u00e1i \u0111\u1eb9p trong m\u1ecdi ho\u00e0n c\u1ea3nh.\" \/>\n<meta property=\"og:url\" content=\"https:\/\/hienthao.azdigi.shop\/index.php\/lien-he\/\" \/>\n<meta property=\"og:site_name\" content=\"OLV.VN\" \/>\n<meta property=\"article:modified_time\" content=\"2026-04-19T12:31:30+00:00\" \/>\n<meta name=\"twitter:card\" content=\"summary_large_image\" \/>\n<script type=\"application\/ld+json\" class=\"yoast-schema-graph\">{\"@context\":\"https:\\\/\\\/schema.org\",\"@graph\":[{\"@type\":\"WebPage\",\"@id\":\"https:\\\/\\\/hienthao.azdigi.shop\\\/index.php\\\/lien-he\\\/\",\"url\":\"https:\\\/\\\/hienthao.azdigi.shop\\\/index.php\\\/lien-he\\\/\",\"name\":\"LI\u00caN H\u1ec6 - OLV.VN\",\"isPartOf\":{\"@id\":\"https:\\\/\\\/hienthao.azdigi.shop\\\/#website\"},\"datePublished\":\"2026-04-19T12:14:41+00:00\",\"dateModified\":\"2026-04-19T12:31:30+00:00\",\"description\":\"Th\u01b0\u01a1ng hi\u1ec7u th\u1eddi trang n\u1eef cao c\u1ea5p mang \u0111\u1ebfn nh\u1eefng thi\u1ebft k\u1ebf thanh l\u1ecbch, hi\u1ec7n \u0111\u1ea1i v\u00e0 tr\u1ebb trung d\u00e0nh cho ph\u1ee5 n\u1eef. S\u1ea3n ph\u1ea9m \u0111\u01b0\u1ee3c ch\u0103m ch\u00fat t\u1eeb ch\u1ea5t li\u1ec7u \u0111\u1ebfn \u0111\u01b0\u1eddng may, gi\u00fap t\u00f4n l\u00ean v\u1ebb \u0111\u1eb9p t\u1ef1 tin, tinh t\u1ebf v\u00e0 phong c\u00e1ch ri\u00eang c\u1ee7a ph\u00e1i \u0111\u1eb9p trong m\u1ecdi ho\u00e0n c\u1ea3nh.\",\"breadcrumb\":{\"@id\":\"https:\\\/\\\/hienthao.azdigi.shop\\\/index.php\\\/lien-he\\\/#breadcrumb\"},\"inLanguage\":\"vi\",\"potentialAction\":[{\"@type\":\"ReadAction\",\"target\":[\"https:\\\/\\\/hienthao.azdigi.shop\\\/index.php\\\/lien-he\\\/\"]}]},{\"@type\":\"BreadcrumbList\",\"@id\":\"https:\\\/\\\/hienthao.azdigi.shop\\\/index.php\\\/lien-he\\\/#breadcrumb\",\"itemListElement\":[{\"@type\":\"ListItem\",\"position\":1,\"name\":\"Trang ch\u1ee7\",\"item\":\"https:\\\/\\\/hienthao.azdigi.shop\\\/\"},{\"@type\":\"ListItem\",\"position\":2,\"name\":\"LI\u00caN H\u1ec6\"}]},{\"@type\":\"WebSite\",\"@id\":\"https:\\\/\\\/hienthao.azdigi.shop\\\/#website\",\"url\":\"https:\\\/\\\/hienthao.azdigi.shop\\\/\",\"name\":\"OLV.VN\",\"description\":\"Sweetie girls_Th\u01b0\u01a1ng hi\u1ec7u th\u1eddi trang n\u1eef cao c\u1ea5p, mang \u0111\u1ebfn phong c\u00e1ch thanh l\u1ecbch v\u00e0 tr\u1ebb trung cho ph\u1ee5 n\u1eef hi\u1ec7n \u0111\u1ea1i.\",\"potentialAction\":[{\"@type\":\"SearchAction\",\"target\":{\"@type\":\"EntryPoint\",\"urlTemplate\":\"https:\\\/\\\/hienthao.azdigi.shop\\\/?s={search_term_string}\"},\"query-input\":{\"@type\":\"PropertyValueSpecification\",\"valueRequired\":true,\"valueName\":\"search_term_string\"}}],\"inLanguage\":\"vi\"}]}<\/script>\n<!-- \/ Yoast SEO plugin. -->","yoast_head_json":{"title":"LI\u00caN H\u1ec6 - OLV.VN","description":"Th\u01b0\u01a1ng hi\u1ec7u th\u1eddi trang n\u1eef cao c\u1ea5p mang \u0111\u1ebfn nh\u1eefng thi\u1ebft k\u1ebf thanh l\u1ecbch, hi\u1ec7n \u0111\u1ea1i v\u00e0 tr\u1ebb trung d\u00e0nh cho ph\u1ee5 n\u1eef. S\u1ea3n ph\u1ea9m \u0111\u01b0\u1ee3c ch\u0103m ch\u00fat t\u1eeb ch\u1ea5t li\u1ec7u \u0111\u1ebfn \u0111\u01b0\u1eddng may, gi\u00fap t\u00f4n l\u00ean v\u1ebb \u0111\u1eb9p t\u1ef1 tin, tinh t\u1ebf v\u00e0 phong c\u00e1ch ri\u00eang c\u1ee7a ph\u00e1i \u0111\u1eb9p trong m\u1ecdi ho\u00e0n c\u1ea3nh.","robots":{"index":"index","follow":"follow","max-snippet":"max-snippet:-1","max-image-preview":"max-image-preview:large","max-video-preview":"max-video-preview:-1"},"canonical":"https:\/\/hienthao.azdigi.shop\/index.php\/lien-he\/","og_locale":"vi_VN","og_type":"article","og_title":"LI\u00caN H\u1ec6 - OLV.VN","og_description":"Th\u01b0\u01a1ng hi\u1ec7u th\u1eddi trang n\u1eef cao c\u1ea5p mang \u0111\u1ebfn nh\u1eefng thi\u1ebft k\u1ebf thanh l\u1ecbch, hi\u1ec7n \u0111\u1ea1i v\u00e0 tr\u1ebb trung d\u00e0nh cho ph\u1ee5 n\u1eef. S\u1ea3n ph\u1ea9m \u0111\u01b0\u1ee3c ch\u0103m ch\u00fat t\u1eeb ch\u1ea5t li\u1ec7u \u0111\u1ebfn \u0111\u01b0\u1eddng may, gi\u00fap t\u00f4n l\u00ean v\u1ebb \u0111\u1eb9p t\u1ef1 tin, tinh t\u1ebf v\u00e0 phong c\u00e1ch ri\u00eang c\u1ee7a ph\u00e1i \u0111\u1eb9p trong m\u1ecdi ho\u00e0n c\u1ea3nh.","og_url":"https:\/\/hienthao.azdigi.shop\/index.php\/lien-he\/","og_site_name":"OLV.VN","article_modified_time":"2026-04-19T12:31:30+00:00","twitter_card":"summary_large_image","schema":{"@context":"https:\/\/schema.org","@graph":[{"@type":"WebPage","@id":"https:\/\/hienthao.azdigi.shop\/index.php\/lien-he\/","url":"https:\/\/hienthao.azdigi.shop\/index.php\/lien-he\/","name":"LI\u00caN H\u1ec6 - OLV.VN","isPartOf":{"@id":"https:\/\/hienthao.azdigi.shop\/#website"},"datePublished":"2026-04-19T12:14:41+00:00","dateModified":"2026-04-19T12:31:30+00:00","description":"Th\u01b0\u01a1ng hi\u1ec7u th\u1eddi trang n\u1eef cao c\u1ea5p mang \u0111\u1ebfn nh\u1eefng thi\u1ebft k\u1ebf thanh l\u1ecbch, hi\u1ec7n \u0111\u1ea1i v\u00e0 tr\u1ebb trung d\u00e0nh cho ph\u1ee5 n\u1eef. S\u1ea3n ph\u1ea9m \u0111\u01b0\u1ee3c ch\u0103m ch\u00fat t\u1eeb ch\u1ea5t li\u1ec7u \u0111\u1ebfn \u0111\u01b0\u1eddng may, gi\u00fap t\u00f4n l\u00ean v\u1ebb \u0111\u1eb9p t\u1ef1 tin, tinh t\u1ebf v\u00e0 phong c\u00e1ch ri\u00eang c\u1ee7a ph\u00e1i \u0111\u1eb9p trong m\u1ecdi ho\u00e0n c\u1ea3nh.","breadcrumb":{"@id":"https:\/\/hienthao.azdigi.shop\/index.php\/lien-he\/#breadcrumb"},"inLanguage":"vi","potentialAction":[{"@type":"ReadAction","target":["https:\/\/hienthao.azdigi.shop\/index.php\/lien-he\/"]}]},{"@type":"BreadcrumbList","@id":"https:\/\/hienthao.azdigi.shop\/index.php\/lien-he\/#breadcrumb","itemListElement":[{"@type":"ListItem","position":1,"name":"Trang ch\u1ee7","item":"https:\/\/hienthao.azdigi.shop\/"},{"@type":"ListItem","position":2,"name":"LI\u00caN H\u1ec6"}]},{"@type":"WebSite","@id":"https:\/\/hienthao.azdigi.shop\/#website","url":"https:\/\/hienthao.azdigi.shop\/","name":"OLV.VN","description":"Sweetie girls_Th\u01b0\u01a1ng hi\u1ec7u th\u1eddi trang n\u1eef cao c\u1ea5p, mang \u0111\u1ebfn phong c\u00e1ch thanh l\u1ecbch v\u00e0 tr\u1ebb trung cho ph\u1ee5 n\u1eef hi\u1ec7n \u0111\u1ea1i.","potentialAction":[{"@type":"SearchAction","target":{"@type":"EntryPoint","urlTemplate":"https:\/\/hienthao.azdigi.shop\/?s={search_term_string}"},"query-input":{"@type":"PropertyValueSpecification","valueRequired":true,"valueName":"search_term_string"}}],"inLanguage":"vi"}]}},"_links":{"self":[{"href":"https:\/\/hienthao.azdigi.shop\/index.php\/wp-json\/wp\/v2\/pages\/415","targetHints":{"allow":["GET"]}}],"collection":[{"href":"https:\/\/hienthao.azdigi.shop\/index.php\/wp-json\/wp\/v2\/pages"}],"about":[{"href":"https:\/\/hienthao.azdigi.shop\/index.php\/wp-json\/wp\/v2\/types\/page"}],"author":[{"embeddable":true,"href":"https:\/\/hienthao.azdigi.shop\/index.php\/wp-json\/wp\/v2\/users\/1"}],"replies":[{"embeddable":true,"href":"https:\/\/hienthao.azdigi.shop\/index.php\/wp-json\/wp\/v2\/comments?post=415"}],"version-history":[{"count":2,"href":"https:\/\/hienthao.azdigi.shop\/index.php\/wp-json\/wp\/v2\/pages\/415\/revisions"}],"predecessor-version":[{"id":420,"href":"https:\/\/hienthao.azdigi.shop\/index.php\/wp-json\/wp\/v2\/pages\/415\/revisions\/420"}],"wp:attachment":[{"href":"https:\/\/hienthao.azdigi.shop\/index.php\/wp-json\/wp\/v2\/media?parent=415"}],"curies":[{"name":"wp","href":"https:\/\/api.w.org\/{rel}","templated":true}]}}