{"id":112,"date":"2026-04-03T04:54:49","date_gmt":"2026-04-03T04:54:49","guid":{"rendered":"https:\/\/hienthao.azdigi.shop\/index.php\/cart\/"},"modified":"2026-04-20T10:14:17","modified_gmt":"2026-04-20T10:14:17","slug":"cart","status":"publish","type":"page","link":"https:\/\/hienthao.azdigi.shop\/index.php\/cart\/","title":{"rendered":"GI\u1ece H\u00c0NG"},"content":{"rendered":"\n<div data-block-name=\"woocommerce\/cart\" class=\"wp-block-woocommerce-cart alignwide is-loading\">\n<div data-block-name=\"woocommerce\/filled-cart-block\" class=\"wp-block-woocommerce-filled-cart-block\">\n<div data-block-name=\"woocommerce\/cart-items-block\" class=\"wp-block-woocommerce-cart-items-block\">\n<div data-block-name=\"woocommerce\/cart-line-items-block\" class=\"wp-block-woocommerce-cart-line-items-block\"><\/div>\n\n\n<\/div>\n\n\n\n<div data-block-name=\"woocommerce\/cart-totals-block\" class=\"wp-block-woocommerce-cart-totals-block\">\n<div data-block-name=\"woocommerce\/cart-order-summary-block\" class=\"wp-block-woocommerce-cart-order-summary-block\">\n<div data-block-name=\"woocommerce\/cart-order-summary-heading-block\" data-content=\"T\u1ed5ng c\u1ed9ng gi\u1ecf h\u00e0ng\" class=\"wp-block-woocommerce-cart-order-summary-heading-block\"><\/div>\n\n\n\n<div data-block-name=\"woocommerce\/cart-order-summary-coupon-form-block\" class=\"wp-block-woocommerce-cart-order-summary-coupon-form-block\"><\/div>\n\n\n\n<div data-block-name=\"woocommerce\/cart-order-summary-totals-block\" class=\"wp-block-woocommerce-cart-order-summary-totals-block\">\n<div data-block-name=\"woocommerce\/cart-order-summary-subtotal-block\" class=\"wp-block-woocommerce-cart-order-summary-subtotal-block\"><\/div>\n\n\n\n<div data-block-name=\"woocommerce\/cart-order-summary-fee-block\" class=\"wp-block-woocommerce-cart-order-summary-fee-block\"><\/div>\n\n\n\n<div data-block-name=\"woocommerce\/cart-order-summary-discount-block\" class=\"wp-block-woocommerce-cart-order-summary-discount-block\"><\/div>\n\n\n\n<div data-block-name=\"woocommerce\/cart-order-summary-shipping-block\" class=\"wp-block-woocommerce-cart-order-summary-shipping-block\"><\/div>\n\n\n\n<div data-block-name=\"woocommerce\/cart-order-summary-taxes-block\" class=\"wp-block-woocommerce-cart-order-summary-taxes-block\"><\/div>\n<\/div>\n<\/div>\n\n\n\n<div data-block-name=\"woocommerce\/cart-express-payment-block\" class=\"wp-block-woocommerce-cart-express-payment-block\"><\/div>\n\n\n\n<div data-block-name=\"woocommerce\/proceed-to-checkout-block\" class=\"wp-block-woocommerce-proceed-to-checkout-block\"><\/div>\n\n\n\n<div data-block-name=\"woocommerce\/cart-accepted-payment-methods-block\" class=\"wp-block-woocommerce-cart-accepted-payment-methods-block\"><\/div>\n<\/div>\n<\/div>\n\n\n\n<div data-block-name=\"woocommerce\/empty-cart-block\" class=\"wp-block-woocommerce-empty-cart-block\">\n<h2 class=\"wp-block-heading has-text-align-center with-empty-cart-icon wc-block-cart__empty-cart__title\">Your cart is currently empty!<\/h2>\n\n\n\n<hr class=\"wp-block-separator has-alpha-channel-opacity is-style-dots\"\/>\n\n\n\n<h2 class=\"wp-block-heading has-text-align-center\">New in store<\/h2>\n\n\n<div data-block-name=\"woocommerce\/product-new\" data-columns=\"4\" data-rows=\"1\" class=\"wc-block-grid wp-block-product-new wp-block-woocommerce-product-new wc-block-product-new has-4-columns\"><ul class=\"wc-block-grid__products\"><li class=\"wc-block-grid__product\">\n\t\t\t\t<a href=\"https:\/\/hienthao.azdigi.shop\/index.php\/product\/vay-canh-doi-ivory-a-line-mini-dress\/\" class=\"wc-block-grid__product-link\">\n\t\t\t\t\t<div class=\"wc-block-grid__product-onsale\">\n\t\t\t<span aria-hidden=\"true\">Khuy\u1ebfn m\u1ea1i<\/span>\n\t\t\t<span class=\"screen-reader-text\">S\u1ea3n ph\u1ea9m \u0111ang gi\u1ea3m gi\u00e1<\/span>\n\t\t<\/div>\n\t\t\t\t\t<div class=\"wc-block-grid__product-image\"><img loading=\"lazy\" decoding=\"async\" width=\"247\" height=\"371\" src=\"https:\/\/hienthao.azdigi.shop\/wp-content\/uploads\/2026\/04\/d_88026_e2834904cf9c4eaa8f517328571e4977_master-247x371.jpg\" class=\"attachment-woocommerce_thumbnail size-woocommerce_thumbnail\" alt=\"V\u00e1y c\u00e1nh d\u01a1i Ivory A Line Mini Dress\" srcset=\"https:\/\/hienthao.azdigi.shop\/wp-content\/uploads\/2026\/04\/d_88026_e2834904cf9c4eaa8f517328571e4977_master-247x371.jpg 247w, https:\/\/hienthao.azdigi.shop\/wp-content\/uploads\/2026\/04\/d_88026_e2834904cf9c4eaa8f517328571e4977_master-200x300.jpg 200w, https:\/\/hienthao.azdigi.shop\/wp-content\/uploads\/2026\/04\/d_88026_e2834904cf9c4eaa8f517328571e4977_master-683x1024.jpg 683w, https:\/\/hienthao.azdigi.shop\/wp-content\/uploads\/2026\/04\/d_88026_e2834904cf9c4eaa8f517328571e4977_master-768x1152.jpg 768w, https:\/\/hienthao.azdigi.shop\/wp-content\/uploads\/2026\/04\/d_88026_e2834904cf9c4eaa8f517328571e4977_master-1024x1536.jpg 1024w, https:\/\/hienthao.azdigi.shop\/wp-content\/uploads\/2026\/04\/d_88026_e2834904cf9c4eaa8f517328571e4977_master-510x765.jpg 510w, https:\/\/hienthao.azdigi.shop\/wp-content\/uploads\/2026\/04\/d_88026_e2834904cf9c4eaa8f517328571e4977_master.jpg 1365w\" sizes=\"auto, (max-width: 247px) 100vw, 247px\" \/><\/div>\n\t\t\t\t\t<div class=\"wc-block-grid__product-title\">V\u00e1y c\u00e1nh d\u01a1i Ivory A Line Mini Dress<\/div>\n\t\t\t\t<\/a>\n\t\t\t\t<div class=\"wc-block-grid__product-price price\"><span class=\"woocommerce-Price-amount amount\" aria-hidden=\"true\">89.000&nbsp;<span class=\"woocommerce-Price-currencySymbol\">&#8363;<\/span><\/span> <span aria-hidden=\"true\">&ndash;<\/span> <span class=\"woocommerce-Price-amount amount\" aria-hidden=\"true\">890.000&nbsp;<span class=\"woocommerce-Price-currencySymbol\">&#8363;<\/span><\/span><span class=\"screen-reader-text\">Kho\u1ea3ng gi\u00e1: t\u1eeb 89.000&nbsp;&#8363; \u0111\u1ebfn 890.000&nbsp;&#8363;<\/span><\/div>\n\t\t\t\t\n\t\t\t\t<div class=\"wp-block-button wc-block-grid__product-add-to-cart\"><a href=\"https:\/\/hienthao.azdigi.shop\/index.php\/product\/vay-canh-doi-ivory-a-line-mini-dress\/\" aria-label=\"L\u1ef1a ch\u1ecdn cho &ldquo;V\u00e1y c\u00e1nh d\u01a1i Ivory A Line Mini Dress&rdquo;\" data-quantity=\"1\" data-product_id=\"564\" data-product_sku=\"\" data-price=\"89000\" rel=\"nofollow\" class=\"wp-block-button__link  add_to_cart_button\">Ch\u1ecdn<\/a><\/div>\n\t\t\t<\/li><li class=\"wc-block-grid__product\">\n\t\t\t\t<a href=\"https:\/\/hienthao.azdigi.shop\/index.php\/product\/set-do-kieu-co-sen-blue-puff-smocked-peplum-shirt\/\" class=\"wc-block-grid__product-link\">\n\t\t\t\t\t\n\t\t\t\t\t<div class=\"wc-block-grid__product-image\"><img loading=\"lazy\" decoding=\"async\" width=\"247\" height=\"371\" src=\"https:\/\/hienthao.azdigi.shop\/wp-content\/uploads\/2026\/04\/d_88925_7463a453ca9a4b6db9a0dc7dd5df268b_master-247x371.jpg\" class=\"attachment-woocommerce_thumbnail size-woocommerce_thumbnail\" alt=\"Set \u0111\u1ed3 ki\u1ec3u c\u1ed5 sen Blue Puff Smocked Peplum Shirt\" srcset=\"https:\/\/hienthao.azdigi.shop\/wp-content\/uploads\/2026\/04\/d_88925_7463a453ca9a4b6db9a0dc7dd5df268b_master-247x371.jpg 247w, https:\/\/hienthao.azdigi.shop\/wp-content\/uploads\/2026\/04\/d_88925_7463a453ca9a4b6db9a0dc7dd5df268b_master-200x300.jpg 200w, https:\/\/hienthao.azdigi.shop\/wp-content\/uploads\/2026\/04\/d_88925_7463a453ca9a4b6db9a0dc7dd5df268b_master-683x1024.jpg 683w, https:\/\/hienthao.azdigi.shop\/wp-content\/uploads\/2026\/04\/d_88925_7463a453ca9a4b6db9a0dc7dd5df268b_master-768x1152.jpg 768w, https:\/\/hienthao.azdigi.shop\/wp-content\/uploads\/2026\/04\/d_88925_7463a453ca9a4b6db9a0dc7dd5df268b_master-1024x1536.jpg 1024w, https:\/\/hienthao.azdigi.shop\/wp-content\/uploads\/2026\/04\/d_88925_7463a453ca9a4b6db9a0dc7dd5df268b_master-510x765.jpg 510w, https:\/\/hienthao.azdigi.shop\/wp-content\/uploads\/2026\/04\/d_88925_7463a453ca9a4b6db9a0dc7dd5df268b_master.jpg 1365w\" sizes=\"auto, (max-width: 247px) 100vw, 247px\" \/><\/div>\n\t\t\t\t\t<div class=\"wc-block-grid__product-title\">Set \u0111\u1ed3 ki\u1ec3u c\u1ed5 sen Blue Puff Smocked Peplum Shirt<\/div>\n\t\t\t\t<\/a>\n\t\t\t\t<div class=\"wc-block-grid__product-price price\"><span class=\"woocommerce-Price-amount amount\">590.000&nbsp;<span class=\"woocommerce-Price-currencySymbol\">&#8363;<\/span><\/span><\/div>\n\t\t\t\t\n\t\t\t\t<div class=\"wp-block-button wc-block-grid__product-add-to-cart\"><a href=\"https:\/\/hienthao.azdigi.shop\/index.php\/product\/set-do-kieu-co-sen-blue-puff-smocked-peplum-shirt\/\" aria-label=\"L\u1ef1a ch\u1ecdn cho &ldquo;Set \u0111\u1ed3 ki\u1ec3u c\u1ed5 sen Blue Puff Smocked Peplum Shirt&rdquo;\" data-quantity=\"1\" data-product_id=\"557\" data-product_sku=\"\" data-price=\"590000\" rel=\"nofollow\" class=\"wp-block-button__link  add_to_cart_button\">Ch\u1ecdn<\/a><\/div>\n\t\t\t<\/li><li class=\"wc-block-grid__product\">\n\t\t\t\t<a href=\"https:\/\/hienthao.azdigi.shop\/index.php\/product\/set-ao-babydoll-va-chan-vay-striped-ruffled-puff-sleeve-set\/\" class=\"wc-block-grid__product-link\">\n\t\t\t\t\t\n\t\t\t\t\t<div class=\"wc-block-grid__product-image\"><img loading=\"lazy\" decoding=\"async\" width=\"247\" height=\"371\" src=\"https:\/\/hienthao.azdigi.shop\/wp-content\/uploads\/2026\/04\/d_89010_f7906809e0a44eb8b77b785f0087ac5b_master-247x371.jpg\" class=\"attachment-woocommerce_thumbnail size-woocommerce_thumbnail\" alt=\"Set \u00e1o babydoll v\u00e0 ch\u00e2n v\u00e1y Striped Ruffled Puff Sleeve Set\" srcset=\"https:\/\/hienthao.azdigi.shop\/wp-content\/uploads\/2026\/04\/d_89010_f7906809e0a44eb8b77b785f0087ac5b_master-247x371.jpg 247w, https:\/\/hienthao.azdigi.shop\/wp-content\/uploads\/2026\/04\/d_89010_f7906809e0a44eb8b77b785f0087ac5b_master-200x300.jpg 200w, https:\/\/hienthao.azdigi.shop\/wp-content\/uploads\/2026\/04\/d_89010_f7906809e0a44eb8b77b785f0087ac5b_master-683x1024.jpg 683w, https:\/\/hienthao.azdigi.shop\/wp-content\/uploads\/2026\/04\/d_89010_f7906809e0a44eb8b77b785f0087ac5b_master-768x1152.jpg 768w, https:\/\/hienthao.azdigi.shop\/wp-content\/uploads\/2026\/04\/d_89010_f7906809e0a44eb8b77b785f0087ac5b_master-1024x1536.jpg 1024w, https:\/\/hienthao.azdigi.shop\/wp-content\/uploads\/2026\/04\/d_89010_f7906809e0a44eb8b77b785f0087ac5b_master-510x765.jpg 510w, https:\/\/hienthao.azdigi.shop\/wp-content\/uploads\/2026\/04\/d_89010_f7906809e0a44eb8b77b785f0087ac5b_master.jpg 1365w\" sizes=\"auto, (max-width: 247px) 100vw, 247px\" \/><\/div>\n\t\t\t\t\t<div class=\"wc-block-grid__product-title\">Set \u00e1o babydoll v\u00e0 ch\u00e2n v\u00e1y Striped Ruffled Puff Sleeve Set<\/div>\n\t\t\t\t<\/a>\n\t\t\t\t<div class=\"wc-block-grid__product-price price\"><span class=\"woocommerce-Price-amount amount\">729.000&nbsp;<span class=\"woocommerce-Price-currencySymbol\">&#8363;<\/span><\/span><\/div>\n\t\t\t\t\n\t\t\t\t<div class=\"wp-block-button wc-block-grid__product-add-to-cart\"><a href=\"https:\/\/hienthao.azdigi.shop\/index.php\/product\/set-ao-babydoll-va-chan-vay-striped-ruffled-puff-sleeve-set\/\" aria-label=\"L\u1ef1a ch\u1ecdn cho &ldquo;Set \u00e1o babydoll v\u00e0 ch\u00e2n v\u00e1y Striped Ruffled Puff Sleeve Set&rdquo;\" data-quantity=\"1\" data-product_id=\"550\" data-product_sku=\"\" data-price=\"729000\" rel=\"nofollow\" class=\"wp-block-button__link  add_to_cart_button\">Ch\u1ecdn<\/a><\/div>\n\t\t\t<\/li><li class=\"wc-block-grid__product\">\n\t\t\t\t<a href=\"https:\/\/hienthao.azdigi.shop\/index.php\/product\/vay-hoa-co-v-tay-dai-abigail-dress\/\" class=\"wc-block-grid__product-link\">\n\t\t\t\t\t\n\t\t\t\t\t<div class=\"wc-block-grid__product-image\"><img loading=\"lazy\" decoding=\"async\" width=\"247\" height=\"371\" src=\"https:\/\/hienthao.azdigi.shop\/wp-content\/uploads\/2026\/04\/d_88454_a72e36c5bf494f2e93a66ca6b6ab7e03_master-247x371.jpg\" class=\"attachment-woocommerce_thumbnail size-woocommerce_thumbnail\" alt=\"V\u00e1y hoa c\u1ed5 V tay d\u00e0i Abigail Dress\" srcset=\"https:\/\/hienthao.azdigi.shop\/wp-content\/uploads\/2026\/04\/d_88454_a72e36c5bf494f2e93a66ca6b6ab7e03_master-247x371.jpg 247w, https:\/\/hienthao.azdigi.shop\/wp-content\/uploads\/2026\/04\/d_88454_a72e36c5bf494f2e93a66ca6b6ab7e03_master-200x300.jpg 200w, https:\/\/hienthao.azdigi.shop\/wp-content\/uploads\/2026\/04\/d_88454_a72e36c5bf494f2e93a66ca6b6ab7e03_master-683x1024.jpg 683w, https:\/\/hienthao.azdigi.shop\/wp-content\/uploads\/2026\/04\/d_88454_a72e36c5bf494f2e93a66ca6b6ab7e03_master-768x1152.jpg 768w, https:\/\/hienthao.azdigi.shop\/wp-content\/uploads\/2026\/04\/d_88454_a72e36c5bf494f2e93a66ca6b6ab7e03_master-1024x1536.jpg 1024w, https:\/\/hienthao.azdigi.shop\/wp-content\/uploads\/2026\/04\/d_88454_a72e36c5bf494f2e93a66ca6b6ab7e03_master-510x765.jpg 510w, https:\/\/hienthao.azdigi.shop\/wp-content\/uploads\/2026\/04\/d_88454_a72e36c5bf494f2e93a66ca6b6ab7e03_master.jpg 1365w\" sizes=\"auto, (max-width: 247px) 100vw, 247px\" \/><\/div>\n\t\t\t\t\t<div class=\"wc-block-grid__product-title\">V\u00e1y hoa c\u1ed5 V tay d\u00e0i Abigail Dress<\/div>\n\t\t\t\t<\/a>\n\t\t\t\t<div class=\"wc-block-grid__product-price price\"><span class=\"woocommerce-Price-amount amount\">729.000&nbsp;<span class=\"woocommerce-Price-currencySymbol\">&#8363;<\/span><\/span><\/div>\n\t\t\t\t\n\t\t\t\t<div class=\"wp-block-button wc-block-grid__product-add-to-cart\"><a href=\"https:\/\/hienthao.azdigi.shop\/index.php\/product\/vay-hoa-co-v-tay-dai-abigail-dress\/\" aria-label=\"L\u1ef1a ch\u1ecdn cho &ldquo;V\u00e1y hoa c\u1ed5 V tay d\u00e0i Abigail Dress&rdquo;\" data-quantity=\"1\" data-product_id=\"541\" data-product_sku=\"\" data-price=\"729000\" rel=\"nofollow\" class=\"wp-block-button__link  add_to_cart_button\">Ch\u1ecdn<\/a><\/div>\n\t\t\t<\/li><\/ul><\/div><\/div>\n<\/div>\n","protected":false},"excerpt":{"rendered":"","protected":false},"author":1,"featured_media":0,"parent":0,"menu_order":0,"comment_status":"closed","ping_status":"closed","template":"","meta":{"footnotes":""},"class_list":["post-112","page","type-page","status-publish","hentry"],"yoast_head":"<!-- This site is optimized with the Yoast SEO plugin v27.4 - https:\/\/yoast.com\/product\/yoast-seo-wordpress\/ -->\n<title>GI\u1ece H\u00c0NG - OLV.VN<\/title>\n<meta name=\"description\" content=\"Th\u01b0\u01a1ng hi\u1ec7u th\u1eddi trang n\u1eef cao c\u1ea5p, mang \u0111\u1ebfn phong c\u00e1ch thanh l\u1ecbch v\u00e0 tr\u1ebb trung cho ph\u1ee5 n\u1eef hi\u1ec7n \u0111\u1ea1i. C\u00e1c thi\u1ebft k\u1ebf \u0111\u01b0\u1ee3c ch\u0103m ch\u00fat t\u1ec9 m\u1ec9 t\u1eeb ch\u1ea5t li\u1ec7u \u0111\u1ebfn ki\u1ec3u d\u00e1ng, gi\u00fap t\u00f4n l\u00ean v\u1ebb \u0111\u1eb9p t\u1ef1 tin, tinh t\u1ebf v\u00e0 \u0111\u1ea7y cu\u1ed1n h\u00fat trong m\u1ecdi kho\u1ea3nh kh\u1eafc.\" \/>\n<meta name=\"robots\" content=\"index, follow, max-snippet:-1, max-image-preview:large, max-video-preview:-1\" \/>\n<link rel=\"canonical\" href=\"https:\/\/hienthao.azdigi.shop\/index.php\/cart\/\" \/>\n<meta property=\"og:locale\" content=\"vi_VN\" \/>\n<meta property=\"og:type\" content=\"article\" \/>\n<meta property=\"og:title\" content=\"GI\u1ece H\u00c0NG - OLV.VN\" \/>\n<meta property=\"og:description\" content=\"Th\u01b0\u01a1ng hi\u1ec7u th\u1eddi trang n\u1eef cao c\u1ea5p, mang \u0111\u1ebfn phong c\u00e1ch thanh l\u1ecbch v\u00e0 tr\u1ebb trung cho ph\u1ee5 n\u1eef hi\u1ec7n \u0111\u1ea1i. C\u00e1c thi\u1ebft k\u1ebf \u0111\u01b0\u1ee3c ch\u0103m ch\u00fat t\u1ec9 m\u1ec9 t\u1eeb ch\u1ea5t li\u1ec7u \u0111\u1ebfn ki\u1ec3u d\u00e1ng, gi\u00fap t\u00f4n l\u00ean v\u1ebb \u0111\u1eb9p t\u1ef1 tin, tinh t\u1ebf v\u00e0 \u0111\u1ea7y cu\u1ed1n h\u00fat trong m\u1ecdi kho\u1ea3nh kh\u1eafc.\" \/>\n<meta property=\"og:url\" content=\"https:\/\/hienthao.azdigi.shop\/index.php\/cart\/\" \/>\n<meta property=\"og:site_name\" content=\"OLV.VN\" \/>\n<meta property=\"article:modified_time\" content=\"2026-04-20T10:14:17+00:00\" \/>\n<meta name=\"twitter:card\" content=\"summary_large_image\" \/>\n<meta name=\"twitter:label1\" content=\"\u01af\u1edbc t\u00ednh th\u1eddi gian \u0111\u1ecdc\" \/>\n\t<meta name=\"twitter:data1\" content=\"1 ph\u00fat\" \/>\n<script type=\"application\/ld+json\" class=\"yoast-schema-graph\">{\"@context\":\"https:\\\/\\\/schema.org\",\"@graph\":[{\"@type\":\"WebPage\",\"@id\":\"https:\\\/\\\/hienthao.azdigi.shop\\\/index.php\\\/cart\\\/\",\"url\":\"https:\\\/\\\/hienthao.azdigi.shop\\\/index.php\\\/cart\\\/\",\"name\":\"GI\u1ece H\u00c0NG - OLV.VN\",\"isPartOf\":{\"@id\":\"https:\\\/\\\/hienthao.azdigi.shop\\\/#website\"},\"datePublished\":\"2026-04-03T04:54:49+00:00\",\"dateModified\":\"2026-04-20T10:14:17+00:00\",\"description\":\"Th\u01b0\u01a1ng hi\u1ec7u th\u1eddi trang n\u1eef cao c\u1ea5p, mang \u0111\u1ebfn phong c\u00e1ch thanh l\u1ecbch v\u00e0 tr\u1ebb trung cho ph\u1ee5 n\u1eef hi\u1ec7n \u0111\u1ea1i. C\u00e1c thi\u1ebft k\u1ebf \u0111\u01b0\u1ee3c ch\u0103m ch\u00fat t\u1ec9 m\u1ec9 t\u1eeb ch\u1ea5t li\u1ec7u \u0111\u1ebfn ki\u1ec3u d\u00e1ng, gi\u00fap t\u00f4n l\u00ean v\u1ebb \u0111\u1eb9p t\u1ef1 tin, tinh t\u1ebf v\u00e0 \u0111\u1ea7y cu\u1ed1n h\u00fat trong m\u1ecdi kho\u1ea3nh kh\u1eafc.\",\"breadcrumb\":{\"@id\":\"https:\\\/\\\/hienthao.azdigi.shop\\\/index.php\\\/cart\\\/#breadcrumb\"},\"inLanguage\":\"vi\",\"potentialAction\":[{\"@type\":\"ReadAction\",\"target\":[\"https:\\\/\\\/hienthao.azdigi.shop\\\/index.php\\\/cart\\\/\"]}]},{\"@type\":\"BreadcrumbList\",\"@id\":\"https:\\\/\\\/hienthao.azdigi.shop\\\/index.php\\\/cart\\\/#breadcrumb\",\"itemListElement\":[{\"@type\":\"ListItem\",\"position\":1,\"name\":\"Trang ch\u1ee7\",\"item\":\"https:\\\/\\\/hienthao.azdigi.shop\\\/\"},{\"@type\":\"ListItem\",\"position\":2,\"name\":\"GI\u1ece H\u00c0NG\"}]},{\"@type\":\"WebSite\",\"@id\":\"https:\\\/\\\/hienthao.azdigi.shop\\\/#website\",\"url\":\"https:\\\/\\\/hienthao.azdigi.shop\\\/\",\"name\":\"OLV.VN\",\"description\":\"Sweetie girls_Th\u01b0\u01a1ng hi\u1ec7u th\u1eddi trang n\u1eef cao c\u1ea5p, mang \u0111\u1ebfn phong c\u00e1ch thanh l\u1ecbch v\u00e0 tr\u1ebb trung cho ph\u1ee5 n\u1eef hi\u1ec7n \u0111\u1ea1i.\",\"potentialAction\":[{\"@type\":\"SearchAction\",\"target\":{\"@type\":\"EntryPoint\",\"urlTemplate\":\"https:\\\/\\\/hienthao.azdigi.shop\\\/?s={search_term_string}\"},\"query-input\":{\"@type\":\"PropertyValueSpecification\",\"valueRequired\":true,\"valueName\":\"search_term_string\"}}],\"inLanguage\":\"vi\"}]}<\/script>\n<!-- \/ Yoast SEO plugin. -->","yoast_head_json":{"title":"GI\u1ece H\u00c0NG - OLV.VN","description":"Th\u01b0\u01a1ng hi\u1ec7u th\u1eddi trang n\u1eef cao c\u1ea5p, mang \u0111\u1ebfn phong c\u00e1ch thanh l\u1ecbch v\u00e0 tr\u1ebb trung cho ph\u1ee5 n\u1eef hi\u1ec7n \u0111\u1ea1i. C\u00e1c thi\u1ebft k\u1ebf \u0111\u01b0\u1ee3c ch\u0103m ch\u00fat t\u1ec9 m\u1ec9 t\u1eeb ch\u1ea5t li\u1ec7u \u0111\u1ebfn ki\u1ec3u d\u00e1ng, gi\u00fap t\u00f4n l\u00ean v\u1ebb \u0111\u1eb9p t\u1ef1 tin, tinh t\u1ebf v\u00e0 \u0111\u1ea7y cu\u1ed1n h\u00fat trong m\u1ecdi kho\u1ea3nh kh\u1eafc.","robots":{"index":"index","follow":"follow","max-snippet":"max-snippet:-1","max-image-preview":"max-image-preview:large","max-video-preview":"max-video-preview:-1"},"canonical":"https:\/\/hienthao.azdigi.shop\/index.php\/cart\/","og_locale":"vi_VN","og_type":"article","og_title":"GI\u1ece H\u00c0NG - OLV.VN","og_description":"Th\u01b0\u01a1ng hi\u1ec7u th\u1eddi trang n\u1eef cao c\u1ea5p, mang \u0111\u1ebfn phong c\u00e1ch thanh l\u1ecbch v\u00e0 tr\u1ebb trung cho ph\u1ee5 n\u1eef hi\u1ec7n \u0111\u1ea1i. C\u00e1c thi\u1ebft k\u1ebf \u0111\u01b0\u1ee3c ch\u0103m ch\u00fat t\u1ec9 m\u1ec9 t\u1eeb ch\u1ea5t li\u1ec7u \u0111\u1ebfn ki\u1ec3u d\u00e1ng, gi\u00fap t\u00f4n l\u00ean v\u1ebb \u0111\u1eb9p t\u1ef1 tin, tinh t\u1ebf v\u00e0 \u0111\u1ea7y cu\u1ed1n h\u00fat trong m\u1ecdi kho\u1ea3nh kh\u1eafc.","og_url":"https:\/\/hienthao.azdigi.shop\/index.php\/cart\/","og_site_name":"OLV.VN","article_modified_time":"2026-04-20T10:14:17+00:00","twitter_card":"summary_large_image","twitter_misc":{"\u01af\u1edbc t\u00ednh th\u1eddi gian \u0111\u1ecdc":"1 ph\u00fat"},"schema":{"@context":"https:\/\/schema.org","@graph":[{"@type":"WebPage","@id":"https:\/\/hienthao.azdigi.shop\/index.php\/cart\/","url":"https:\/\/hienthao.azdigi.shop\/index.php\/cart\/","name":"GI\u1ece H\u00c0NG - OLV.VN","isPartOf":{"@id":"https:\/\/hienthao.azdigi.shop\/#website"},"datePublished":"2026-04-03T04:54:49+00:00","dateModified":"2026-04-20T10:14:17+00:00","description":"Th\u01b0\u01a1ng hi\u1ec7u th\u1eddi trang n\u1eef cao c\u1ea5p, mang \u0111\u1ebfn phong c\u00e1ch thanh l\u1ecbch v\u00e0 tr\u1ebb trung cho ph\u1ee5 n\u1eef hi\u1ec7n \u0111\u1ea1i. C\u00e1c thi\u1ebft k\u1ebf \u0111\u01b0\u1ee3c ch\u0103m ch\u00fat t\u1ec9 m\u1ec9 t\u1eeb ch\u1ea5t li\u1ec7u \u0111\u1ebfn ki\u1ec3u d\u00e1ng, gi\u00fap t\u00f4n l\u00ean v\u1ebb \u0111\u1eb9p t\u1ef1 tin, tinh t\u1ebf v\u00e0 \u0111\u1ea7y cu\u1ed1n h\u00fat trong m\u1ecdi kho\u1ea3nh kh\u1eafc.","breadcrumb":{"@id":"https:\/\/hienthao.azdigi.shop\/index.php\/cart\/#breadcrumb"},"inLanguage":"vi","potentialAction":[{"@type":"ReadAction","target":["https:\/\/hienthao.azdigi.shop\/index.php\/cart\/"]}]},{"@type":"BreadcrumbList","@id":"https:\/\/hienthao.azdigi.shop\/index.php\/cart\/#breadcrumb","itemListElement":[{"@type":"ListItem","position":1,"name":"Trang ch\u1ee7","item":"https:\/\/hienthao.azdigi.shop\/"},{"@type":"ListItem","position":2,"name":"GI\u1ece H\u00c0NG"}]},{"@type":"WebSite","@id":"https:\/\/hienthao.azdigi.shop\/#website","url":"https:\/\/hienthao.azdigi.shop\/","name":"OLV.VN","description":"Sweetie girls_Th\u01b0\u01a1ng hi\u1ec7u th\u1eddi trang n\u1eef cao c\u1ea5p, mang \u0111\u1ebfn phong c\u00e1ch thanh l\u1ecbch v\u00e0 tr\u1ebb trung cho ph\u1ee5 n\u1eef hi\u1ec7n \u0111\u1ea1i.","potentialAction":[{"@type":"SearchAction","target":{"@type":"EntryPoint","urlTemplate":"https:\/\/hienthao.azdigi.shop\/?s={search_term_string}"},"query-input":{"@type":"PropertyValueSpecification","valueRequired":true,"valueName":"search_term_string"}}],"inLanguage":"vi"}]}},"_links":{"self":[{"href":"https:\/\/hienthao.azdigi.shop\/index.php\/wp-json\/wp\/v2\/pages\/112","targetHints":{"allow":["GET"]}}],"collection":[{"href":"https:\/\/hienthao.azdigi.shop\/index.php\/wp-json\/wp\/v2\/pages"}],"about":[{"href":"https:\/\/hienthao.azdigi.shop\/index.php\/wp-json\/wp\/v2\/types\/page"}],"author":[{"embeddable":true,"href":"https:\/\/hienthao.azdigi.shop\/index.php\/wp-json\/wp\/v2\/users\/1"}],"replies":[{"embeddable":true,"href":"https:\/\/hienthao.azdigi.shop\/index.php\/wp-json\/wp\/v2\/comments?post=112"}],"version-history":[{"count":2,"href":"https:\/\/hienthao.azdigi.shop\/index.php\/wp-json\/wp\/v2\/pages\/112\/revisions"}],"predecessor-version":[{"id":592,"href":"https:\/\/hienthao.azdigi.shop\/index.php\/wp-json\/wp\/v2\/pages\/112\/revisions\/592"}],"wp:attachment":[{"href":"https:\/\/hienthao.azdigi.shop\/index.php\/wp-json\/wp\/v2\/media?parent=112"}],"curies":[{"name":"wp","href":"https:\/\/api.w.org\/{rel}","templated":true}]}}